{"id":56,"date":"2016-11-30T10:05:15","date_gmt":"2016-11-30T10:05:15","guid":{"rendered":"http:\/\/biim.ci\/?page_id=56"},"modified":"2020-10-02T10:16:10","modified_gmt":"2020-10-02T10:16:10","slug":"annonceurs","status":"publish","type":"page","link":"https:\/\/biim.ci\/en\/annonceurs\/","title":{"rendered":"BIIM, you are seen!"},"content":{"rendered":"<div class=\"wpb-content-wrapper\"><div class=\"vc_row wpb_row vc_row-fluid\"><div class=\"wpb_column vc_column_container vc_col-sm-12\"><div class=\"vc_column-inner\"><div class=\"wpb_wrapper\"><div class=\"vc_empty_space\"   style=\"height: 50px\"><span class=\"vc_empty_space_inner\"><\/span><\/div>\n\t<div class=\"wpb_text_column wpb_content_element\" >\n\t\t<div class=\"wpb_wrapper\">\n\t\t\t<h4 style=\"text-align: center;\">You are a physical or moral person and you want to embark on the adventure <strong>BIIM<\/strong>?<\/h4>\n<h4 style=\"text-align: center;\">Optez pour l&rsquo;une de nos offres ci-dessous pour plus de visibilit\u00e9.<\/h4>\n\n\t\t<\/div>\n\t<\/div>\n<div class=\"vc_empty_space\"   style=\"height: 32px\"><span class=\"vc_empty_space_inner\"><\/span><\/div><\/div><\/div><\/div><\/div><div class=\"vc_row wpb_row vc_row-fluid\"><div class=\"wpb_column vc_column_container vc_col-sm-12\"><div class=\"vc_column-inner\"><div class=\"wpb_wrapper\"><div class=\"vc_empty_space\"   style=\"height: 50px\"><span class=\"vc_empty_space_inner\"><\/span><\/div><div class=\"vc_row wpb_row vc_inner vc_row-fluid vc_row-o-equal-height vc_row-flex\"><div class=\"wpb_column vc_column_container vc_col-sm-3\/5 vc_col-has-fill\"><div class=\"vc_column-inner vc_custom_1601632851864\"><div class=\"wpb_wrapper\"><section class=\"vc_cta3-container\"><div class=\"vc_general vc_do_cta3 vc_cta3 vc_cta3-style-classic vc_cta3-shape-rounded vc_cta3-align-left vc_cta3-color-classic vc_cta3-icon-size-md vc_cta3-actions-bottom\"><div class=\"vc_cta3_content-container\"><div class=\"vc_cta3-content\"><header class=\"vc_cta3-content-header\"><h2>PROMOTION DE CONTENU<\/h2><h4>Propri\u00e9taires et annonceurs immobiliers<\/h4><\/header><p>BIIM vous donne la possibilit\u00e9 de faire passer vos r\u00e9sidences immobili\u00e8res en Vedette. Vous apparaissez parmi les r\u00e9sidences les mieux vues et ainsi vous avez plus de chance de capter l&rsquo;attention de vos futurs clients.<\/p>\n<p><strong>NB: Cr\u00e9ation de compte n\u00e9cessaire.<\/strong><\/p>\n<\/div><div class=\"vc_cta3-actions\"><div class=\"vc_btn3-container vc_btn3-inline vc_do_btn\" ><a class=\"vc_general vc_btn3 vc_btn3-size-lg vc_btn3-shape-rounded vc_btn3-style-modern vc_btn3-color-grey\" href=\"http:\/\/biim.ci\/en\/offres-de-promotions\/\" title=\"Offres de promotions\">VOIR LES OFFRES<\/a><\/div><\/div><\/div><\/div><\/section><\/div><\/div><\/div><div class=\"wpb_column vc_column_container vc_col-sm-2\/5 vc_col-has-fill\"><div class=\"vc_column-inner vc_custom_1601632816287\"><div class=\"wpb_wrapper\"><div class=\"vc_empty_space\"   style=\"height: 32px\"><span class=\"vc_empty_space_inner\"><\/span><\/div><\/div><\/div><\/div><\/div><div class=\"vc_row wpb_row vc_inner vc_row-fluid vc_row-o-equal-height vc_row-flex\"><div class=\"wpb_column vc_column_container vc_col-sm-2\/5 vc_col-has-fill\"><div class=\"vc_column-inner vc_custom_1601632573957\"><div class=\"wpb_wrapper\"><div class=\"vc_empty_space\"   style=\"height: 32px\"><span class=\"vc_empty_space_inner\"><\/span><\/div><\/div><\/div><\/div><div class=\"wpb_column vc_column_container vc_col-sm-3\/5 vc_col-has-fill\"><div class=\"vc_column-inner vc_custom_1601632654946\"><div class=\"wpb_wrapper\"><section class=\"vc_cta3-container\"><div class=\"vc_general vc_do_cta3 vc_cta3 vc_cta3-style-classic vc_cta3-shape-square vc_cta3-align-right vc_cta3-color-classic vc_cta3-icon-size-md vc_cta3-actions-bottom\"><div class=\"vc_cta3_content-container\"><div class=\"vc_cta3-content\"><header class=\"vc_cta3-content-header\"><h2>CAMPAGNES PUBLICITAIRES<\/h2><h4>Promoteurs d\u2019\u00e9v\u00e9nements et prestataires de services<\/h4><\/header><p>Gr\u00e2ce \u00e0 nos espaces publicitaires, nous offrons la possibilit\u00e9 aux entreprises et particuliers, qui souhaitent faire diffuser un message commercial afin d&rsquo;attirer de nouveaux clients, de d\u00e9velopper ou de renforcer leur notori\u00e9t\u00e9.<\/p>\n<\/div><div class=\"vc_cta3-actions\"><div class=\"vc_btn3-container vc_btn3-inline vc_do_btn\" ><a class=\"vc_general vc_btn3 vc_btn3-size-lg vc_btn3-shape-rounded vc_btn3-style-modern vc_btn3-color-grey\" href=\"http:\/\/biim.ci\/en\/offres-publicitaires\/\" title=\"Offres publicitaires\">VOIR LES OFFRES<\/a><\/div><\/div><\/div><\/div><\/section><\/div><\/div><\/div><\/div><div class=\"vc_empty_space\"   style=\"height: 50px\"><span class=\"vc_empty_space_inner\"><\/span><\/div><\/div><\/div><\/div><\/div>\n<\/div>","protected":false},"excerpt":{"rendered":"Vous \u00eates une personne physique ou morale et vous souhaitez faire partir de l'aventure BIIM? Optez pour l'une de nos offres ci-dessous pour plus de visibilit\u00e9. PROMOTION DE CONTENUPropri\u00e9taires et annonceurs immobiliersBIIM vous donne la possibilit\u00e9 de faire passer vos propri\u00e9t\u00e9s immobili\u00e8res en Vedette. Vous apparaissez parmi les propri\u00e9t\u00e9s les mieux vues et ainsi vous [...]","protected":false},"author":1,"featured_media":0,"parent":0,"menu_order":0,"comment_status":"closed","ping_status":"closed","template":"","meta":{"footnotes":""},"class_list":["post-56","page","type-page","status-publish","hentry"],"_links":{"self":[{"href":"https:\/\/biim.ci\/en\/wp-json\/wp\/v2\/pages\/56","targetHints":{"allow":["GET"]}}],"collection":[{"href":"https:\/\/biim.ci\/en\/wp-json\/wp\/v2\/pages"}],"about":[{"href":"https:\/\/biim.ci\/en\/wp-json\/wp\/v2\/types\/page"}],"author":[{"embeddable":true,"href":"https:\/\/biim.ci\/en\/wp-json\/wp\/v2\/users\/1"}],"replies":[{"embeddable":true,"href":"https:\/\/biim.ci\/en\/wp-json\/wp\/v2\/comments?post=56"}],"version-history":[{"count":9,"href":"https:\/\/biim.ci\/en\/wp-json\/wp\/v2\/pages\/56\/revisions"}],"predecessor-version":[{"id":4980,"href":"https:\/\/biim.ci\/en\/wp-json\/wp\/v2\/pages\/56\/revisions\/4980"}],"wp:attachment":[{"href":"https:\/\/biim.ci\/en\/wp-json\/wp\/v2\/media?parent=56"}],"curies":[{"name":"wp","href":"https:\/\/api.w.org\/{rel}","templated":true}]}}