{"id":40665,"date":"2025-09-15T16:48:14","date_gmt":"2025-09-15T16:48:14","guid":{"rendered":"https:\/\/biim.ci\/?page_id=40665"},"modified":"2025-09-15T17:24:20","modified_gmt":"2025-09-15T17:24:20","slug":"demande-envoyee","status":"publish","type":"page","link":"https:\/\/biim.ci\/en\/demande-envoyee\/","title":{"rendered":"Demande envoy\u00e9e"},"content":{"rendered":"<section class=\"biim-wa-success\" style=\"max-width:720px;margin:40px auto;padding:24px;border:1px solid #eee;border-radius:12px;background:#fff;\">\n\n      <h1 style=\"margin-top:0;\">Demande envoy\u00e9e \u2705<\/h1>\n\n      <p>Merci ! Nous avons bien re\u00e7u votre demande. Vous pouvez poursuivre la discussion sur WhatsApp.<\/p>\n\n\n\n      \n        <p>D\u00e9sol\u00e9, le lien WhatsApp n\u2019a pas pu \u00eatre g\u00e9n\u00e9r\u00e9. <a href=\"https:\/\/biim.ci\/en\/\">Retour \u00e0 l\u2019accueil<\/a><\/p>\n\n      \n    <\/section>","protected":false},"excerpt":{"rendered":"Demande envoy\u00e9e \u2705 Merci ! Nous avons bien re\u00e7u votre demande. Vous pouvez poursuivre la discussion sur WhatsApp. D\u00e9sol\u00e9, le lien WhatsApp n\u2019a pas pu \u00eatre g\u00e9n\u00e9r\u00e9. Retour \u00e0 l\u2019accueil","protected":false},"author":1,"featured_media":0,"parent":0,"menu_order":0,"comment_status":"closed","ping_status":"closed","template":"","meta":{"footnotes":""},"class_list":["post-40665","page","type-page","status-publish","hentry"],"_links":{"self":[{"href":"https:\/\/biim.ci\/en\/wp-json\/wp\/v2\/pages\/40665","targetHints":{"allow":["GET"]}}],"collection":[{"href":"https:\/\/biim.ci\/en\/wp-json\/wp\/v2\/pages"}],"about":[{"href":"https:\/\/biim.ci\/en\/wp-json\/wp\/v2\/types\/page"}],"author":[{"embeddable":true,"href":"https:\/\/biim.ci\/en\/wp-json\/wp\/v2\/users\/1"}],"replies":[{"embeddable":true,"href":"https:\/\/biim.ci\/en\/wp-json\/wp\/v2\/comments?post=40665"}],"version-history":[{"count":1,"href":"https:\/\/biim.ci\/en\/wp-json\/wp\/v2\/pages\/40665\/revisions"}],"predecessor-version":[{"id":40666,"href":"https:\/\/biim.ci\/en\/wp-json\/wp\/v2\/pages\/40665\/revisions\/40666"}],"wp:attachment":[{"href":"https:\/\/biim.ci\/en\/wp-json\/wp\/v2\/media?parent=40665"}],"curies":[{"name":"wp","href":"https:\/\/api.w.org\/{rel}","templated":true}]}}