{"id":294,"date":"2016-12-06T03:20:55","date_gmt":"2016-12-06T03:20:55","guid":{"rendered":"http:\/\/biim.ci\/?page_id=294"},"modified":"2020-11-29T15:37:21","modified_gmt":"2020-11-29T15:37:21","slug":"bon-a-savoir","status":"publish","type":"page","link":"https:\/\/biim.ci\/en\/bon-a-savoir\/","title":{"rendered":"Good to know"},"content":{"rendered":"<div class=\"wpb-content-wrapper\"><div class=\"vc_row wpb_row vc_row-fluid vc_row-o-equal-height vc_row-flex\"><div class=\"wpb_column vc_column_container vc_col-sm-12\"><div class=\"vc_column-inner\"><div class=\"wpb_wrapper\"><div class=\"g5plus-heading style2 text-left color-dark\" >\n    <span><\/span>\n                <h2>COMPRENDRE LE DOMAINE DE L&#039;IMMOBILIER<\/h2>\n    <\/div><div class=\"g5plus-space space-69f5420cd5cc5\" data-id=\"69f5420cd5cc5\" data-tablet=\"70\" data-tablet-portrait=\"60\" data-mobile=\"40\" data-mobile-landscape=\"50\" style=\"clear: both; display: block; height: 30px\"><\/div>    <div class=\"archive-wrap clearfix  archive-large-image\">\n        <div class=\"blog-wrap clearfix\">\n\t\t\t<article id=\"post-29769\"  class=\"gf-item-wrap clearfix post-large-image post-29769 post type-post status-publish format-standard has-post-thumbnail hentry category-bon-a-savoir\">\n\t\n            <div class=\"entry-thumb-wrap\">\n            <div class=\"entry-thumbnail\">\n\t\t\t<a href=\"https:\/\/biim.ci\/en\/quest-ce-que-letat-domanial-dun-terrain-et-comment-lobtenir\/\" title=\"QU\u2019EST-CE QUE L\u2019ETAT DOMANIAL D\u2019UN TERRAIN ET COMMENT L\u2019OBTENIR&nbsp;?\" class=\"entry-thumbnail-overlay\">\n\t\t\t\t\t\t<img decoding=\"async\" width='1170' height='380' src=\"https:\/\/biim.ci\/wp-content\/uploads\/2023\/08\/LES-ARTILCES-DE-BIIM-14-1170x380.png\"\n\t\t\t                                           alt=\"QU\u2019EST-CE QUE L\u2019ETAT DOMANIAL D\u2019UN TERRAIN ET COMMENT L\u2019OBTENIR&nbsp;?\" class=\"img-responsive\">\n\t\t\t\t<\/a>\n\t<a data-thumb-src=\"https:\/\/biim.ci\/wp-content\/uploads\/2023\/08\/LES-ARTILCES-DE-BIIM-14-150x150.png\" data-gallery-id=\"2010414254\"\n\t   data-rel=\"lightGallery\" href=\"https:\/\/biim.ci\/wp-content\/uploads\/2023\/08\/LES-ARTILCES-DE-BIIM-14.png\" class=\"zoomGallery\"><i\n\t\t\tclass=\"fa fa-expand\"><\/i><\/a>\n<\/div>        <\/div>\n    \t<div class=\"entry-post-meta clearfix\">\n\t\t<div class=\"entry-meta-date\">\n\t\t\t<i class=\"icon-calendar2\"><\/i> <a href=\"https:\/\/biim.ci\/en\/quest-ce-que-letat-domanial-dun-terrain-et-comment-lobtenir\/\">08\/27\/2023<\/a>\t\t<\/div>\n\t\t<div class=\"entry-meta-author\">\n\t\t\t<i class=\"icon-user2\"><\/i> <a href=\"https:\/\/biim.ci\/en\/author\/kadiatou-ouattara\/\">KADIATOU OUATTARA<\/a>\t\t<\/div>\n\t\t<div class=\"entry-meta-cat\">\n\t\t\t<i class=\"icon-tags2\"><\/i>\n\n\t\t\t\t\t\t\t\t\t<span>\n\t\t\t\t\t\tPosted in\t\t\t\t\t<\/span>\n\t\t\t\t\t<ul>\n\t\t\t\t\t\t\t\t\t\t\t\t\t\t\t\t\t\t\t\t\t\t\t\t\t\t\t\t\t\t<li class=\"category-item\">\n\t\t\t\t\t\t\t\t\t\t<a href=\"https:\/\/biim.ci\/en\/category\/bon-a-savoir\/\" title=\"Bon \u00e0 savoir\">Bon \u00e0 savoir<\/a>\n\t\t\t\t\t\t\t\t\t<\/li>\n\t\t\t\t\t\t\t\t\t\t\t\t\t\t\t\t\t\t\t\t\t\t\t\t\t\t\t\t\t\t\t\t\t\t\t<\/ul>\n\t\t\t\t\t\t<\/div>\n\t\t\t<\/div>\n\t<div class=\"entry-content-wrap\">\n\t\t<h3 class=\"entry-post-title\"><a title=\"QU\u2019EST-CE QUE L\u2019ETAT DOMANIAL D\u2019UN TERRAIN ET COMMENT L\u2019OBTENIR&nbsp;?\"\n\t\t\t\t\t\t\t\t\t\thref=\"https:\/\/biim.ci\/en\/quest-ce-que-letat-domanial-dun-terrain-et-comment-lobtenir\/\">QU\u2019EST-CE QUE L\u2019ETAT DOMANIAL D\u2019UN TERRAIN ET COMMENT L\u2019OBTENIR&nbsp;?<\/a><\/h3>\n\t\t<div class=\"entry-excerpt\">\n\t\t\t<p>L\u2019\u00e9tat domanial donne les informations contenues dans les registres domaniaux du Minist\u00e8res en charge de la Construction et d\u2019Urbanisme. Ces informations retracent la vie administrative de la parcelle. En d&rsquo;autres termes c&rsquo;est une proc\u00e9dure relative aux d\u00e9marches et documents permettant de v\u00e9rifier le statut d\u2019un terrain. La proc\u00e9dure d\u2019obtention de l\u2019\u00e9tat domanial d\u2019un terrain se [&hellip;]<\/p>\n\t\t<\/div>\n\t\t<a href=\"https:\/\/biim.ci\/en\/quest-ce-que-letat-domanial-dun-terrain-et-comment-lobtenir\/\" class=\"blog-read-more\">\n\t\t\tRead More\t\t<\/a>\n\t<\/div>\n<\/article>\n        <\/div>\n\t\t    <\/div>\n\n<div class=\"vc_grid-container-wrapper vc_clearfix vc_grid-animation-fadeIn\">\n\t<div class=\"vc_grid-container vc_clearfix wpb_content_element vc_basic_grid\" data-initial-loading-animation=\"fadeIn\" data-vc-grid-settings=\"{&quot;page_id&quot;:29769,&quot;style&quot;:&quot;pagination&quot;,&quot;action&quot;:&quot;vc_get_vc_grid_data&quot;,&quot;shortcode_id&quot;:&quot;1606664049415-650947fc-8a2b-9&quot;,&quot;items_per_page&quot;:&quot;10&quot;,&quot;auto_play&quot;:false,&quot;gap&quot;:5,&quot;speed&quot;:-1000,&quot;loop&quot;:&quot;&quot;,&quot;animation_in&quot;:&quot;&quot;,&quot;animation_out&quot;:&quot;&quot;,&quot;arrows_design&quot;:&quot;none&quot;,&quot;arrows_color&quot;:&quot;blue&quot;,&quot;arrows_position&quot;:&quot;inside&quot;,&quot;paging_design&quot;:&quot;radio_dots&quot;,&quot;paging_color&quot;:&quot;grey&quot;,&quot;tag&quot;:&quot;vc_basic_grid&quot;}\" data-vc-request=\"https:\/\/biim.ci\/wp-admin\/admin-ajax.php\" data-vc-post-id=\"29769\" data-vc-public-nonce=\"c83f351259\">\n\t\t\n\t<\/div>\n<\/div><\/div><\/div><\/div><\/div>\n<\/div>","protected":false},"excerpt":{"rendered":"L\u2019\u00e9tat domanial donne les informations contenues dans les registres domaniaux du Minist\u00e8res en charge de la Construction et d\u2019Urbanisme. Ces informations retracent la vie administrative de la parcelle. En d'autres termes c'est une proc\u00e9dure relative aux d\u00e9marches et documents permettant de v\u00e9rifier le statut d\u2019un terrain. La proc\u00e9dure d\u2019obtention de l\u2019\u00e9tat domanial d\u2019un terrain se [...]","protected":false},"author":1,"featured_media":0,"parent":0,"menu_order":0,"comment_status":"closed","ping_status":"closed","template":"","meta":{"footnotes":""},"class_list":["post-294","page","type-page","status-publish","hentry"],"_links":{"self":[{"href":"https:\/\/biim.ci\/en\/wp-json\/wp\/v2\/pages\/294","targetHints":{"allow":["GET"]}}],"collection":[{"href":"https:\/\/biim.ci\/en\/wp-json\/wp\/v2\/pages"}],"about":[{"href":"https:\/\/biim.ci\/en\/wp-json\/wp\/v2\/types\/page"}],"author":[{"embeddable":true,"href":"https:\/\/biim.ci\/en\/wp-json\/wp\/v2\/users\/1"}],"replies":[{"embeddable":true,"href":"https:\/\/biim.ci\/en\/wp-json\/wp\/v2\/comments?post=294"}],"version-history":[{"count":5,"href":"https:\/\/biim.ci\/en\/wp-json\/wp\/v2\/pages\/294\/revisions"}],"predecessor-version":[{"id":7699,"href":"https:\/\/biim.ci\/en\/wp-json\/wp\/v2\/pages\/294\/revisions\/7699"}],"wp:attachment":[{"href":"https:\/\/biim.ci\/en\/wp-json\/wp\/v2\/media?parent=294"}],"curies":[{"name":"wp","href":"https:\/\/api.w.org\/{rel}","templated":true}]}}