{"id":1182,"date":"2017-02-20T16:47:52","date_gmt":"2017-02-20T16:47:52","guid":{"rendered":"http:\/\/biim.ci\/payment-completed\/"},"modified":"2017-02-20T16:47:52","modified_gmt":"2017-02-20T16:47:52","slug":"payment-completed","status":"publish","type":"page","link":"https:\/\/biim.ci\/en\/payment-completed\/","title":{"rendered":"Payment Completed"},"content":{"rendered":"<div class=\"ere-payment-completed-wrap\">\n            <div class=\"ere-heading\">\n            <h2> Merci d'avoir achet\u00e9<\/h2>\n        <\/div>\n        <div class=\"ere-thankyou-content\">\n            <p>Effectuez votre paiement directement sur notre compte bancaire.<\/p>\n<p>Veuillez utilise votre num\u00e9ro de commande comme r\u00e9f\u00e9rence de paiement<\/p>\n           <\/div>\n        <a href=\"https:\/\/biim.ci\/en\/my-properties\/\"\n           class=\"btn btn-primary\"> Go to Dashboard <\/a>\n    <\/div>","protected":false},"excerpt":{"rendered":"Merci d'avoir achet\u00e9 Effectuez votre paiement directement sur notre compte bancaire. Veuillez utilise votre num\u00e9ro de commande comme r\u00e9f\u00e9rence de paiement Go to Dashboard","protected":false},"author":1,"featured_media":0,"parent":0,"menu_order":0,"comment_status":"closed","ping_status":"closed","template":"","meta":{"footnotes":""},"class_list":["post-1182","page","type-page","status-publish","hentry"],"_links":{"self":[{"href":"https:\/\/biim.ci\/en\/wp-json\/wp\/v2\/pages\/1182","targetHints":{"allow":["GET"]}}],"collection":[{"href":"https:\/\/biim.ci\/en\/wp-json\/wp\/v2\/pages"}],"about":[{"href":"https:\/\/biim.ci\/en\/wp-json\/wp\/v2\/types\/page"}],"author":[{"embeddable":true,"href":"https:\/\/biim.ci\/en\/wp-json\/wp\/v2\/users\/1"}],"replies":[{"embeddable":true,"href":"https:\/\/biim.ci\/en\/wp-json\/wp\/v2\/comments?post=1182"}],"version-history":[{"count":0,"href":"https:\/\/biim.ci\/en\/wp-json\/wp\/v2\/pages\/1182\/revisions"}],"wp:attachment":[{"href":"https:\/\/biim.ci\/en\/wp-json\/wp\/v2\/media?parent=1182"}],"curies":[{"name":"wp","href":"https:\/\/api.w.org\/{rel}","templated":true}]}}