{"id":1129,"date":"2017-02-17T03:19:42","date_gmt":"2017-02-17T03:19:42","guid":{"rendered":"http:\/\/biim.ci\/?page_id=1112"},"modified":"2017-02-17T03:19:42","modified_gmt":"2017-02-17T03:19:42","slug":"agencies","status":"publish","type":"page","link":"https:\/\/biim.ci\/en\/agencies\/","title":{"rendered":"Agencies"},"content":{"rendered":"<div class=\"wpb-content-wrapper\"><div class=\"vc_row wpb_row vc_row-fluid\"><div class=\"wpb_column vc_column_container vc_col-sm-12\"><div class=\"vc_column-inner\"><div class=\"wpb_wrapper\"><div class=\"g5plus-space space-69f4a799049da\" data-id=\"69f4a799049da\" data-tablet=\"80\" data-tablet-portrait=\"60\" data-mobile=\"50\" data-mobile-landscape=\"50\" style=\"clear: both; display: block; height: 100px\"><\/div><div class=\"ere-agency ere-agency-wrap ere__agency-wrap\">\n            <div class=\"ere__archive-agency-above\">\n            <div class=\"ere-heading ere-heading-sub\">\r\n            <h2>OUR AGENCIES<\/h2>\r\n                <p>FIND PROPERTIES WITH OUR AGENCIES<\/p>\r\n    <\/div>\r\n            <div class=\"ere__archive-actions ere__archive-agency-actions\">\n                <div class=\"ere__apa-item ere__apa-search\">\r\n    <form method=\"get\" action=\"https:\/\/biim.ci\/en\/agent\/\" data-trp-original-action=\"https:\/\/biim.ci\/en\/agent\/\">\r\n        <div class=\"input-group\">\r\n            <input type=\"search\" class=\"form-control\" value=\"\" name=\"keyword\" placeholder=\"Name or Location\">\r\n            <div class=\"input-group-append\">\r\n                <button class=\"btn btn-primary\" type=\"submit\"><i class=\"fa fa-search\"><\/i><\/button>\r\n            <\/div>\r\n        <\/div>\r\n    <input type=\"hidden\" name=\"trp-form-language\" value=\"en\"\/><\/form>\r\n<\/div>\r\n<div class=\"ere__apa-item ere__apa-orderby dropdown\">\r\n    <a href=\"#\" class=\"dropdown-toggle\" data-toggle=\"dropdown\">\r\n        Sort By    <\/a>\r\n    <div class=\"dropdown-menu\">\r\n                    <a data-sortby=\"\" title=\"Default Order\" class=\"dropdown-item\" href=\"\/en\/wp-json\/wp\/v2\/pages\/1129?sortby=default\">Default Order<\/a>\r\n                    <a data-sortby=\"\" title=\"Name (A to Z)\" class=\"dropdown-item\" href=\"\/en\/wp-json\/wp\/v2\/pages\/1129?sortby=a_name\">Name (A to Z)<\/a>\r\n                    <a data-sortby=\"\" title=\"Name (Z to A)\" class=\"dropdown-item\" href=\"\/en\/wp-json\/wp\/v2\/pages\/1129?sortby=d_name\">Name (Z to A)<\/a>\r\n                    <a data-sortby=\"\" title=\"Date (Old to New)\" class=\"dropdown-item\" href=\"\/en\/wp-json\/wp\/v2\/pages\/1129?sortby=a_date\">Date (Old to New)<\/a>\r\n                    <a data-sortby=\"\" title=\"Date (New to Old)\" class=\"dropdown-item\" href=\"\/en\/wp-json\/wp\/v2\/pages\/1129?sortby=d_date\">Date (New to Old)<\/a>\r\n            <\/div>\r\n<\/div>\r\n            <\/div>\n        <\/div>\n        <div class=\"agency-content ere__agency-list\">\n                        <div class=\"agency-item ere__loop-agency-item\">\n                    <div class=\"agency-avatar ere__loop-agency-avatar\">\r\n    <a href=\"https:\/\/biim.ci\/en\/agency\/socopi\/\" title=\"SOCOPI\">\r\n        <img fetchpriority=\"high\" decoding=\"async\" width=\"926\"\r\n             height=\"279\"\r\n             src=\"http:\/\/biim.ci\/wp-content\/uploads\/2021\/04\/logo-socopi.png\"\r\n             alt=\"SOCOPI\"\r\n             title=\"SOCOPI\">\r\n    <\/a>\r\n<\/div>\r\n                    <div class=\"agency-item-content ere__loop-agency-content\">\n                        <div class=\"ere__loop-agency-heading\">\n                            <div class=\"ere__loop-agency-title_address\"><h2 class=\"ere__loop-agency-title\">\r\n    <a href=\"https:\/\/biim.ci\/en\/agency\/socopi\/\" title=\"SOCOPI\">SOCOPI<\/a>\r\n<\/h2>\r\n<div class=\"ere__loop-agency-address\">Villa 69, Cit\u00e9 belle Vue, Angr\u00e9 8e Tranche, Cocody<\/div>\r\n<\/div><ul class=\"ere__loop-agency-social\">\r\n            <li class=\"facebook\">\r\n                            <a href=\"https:\/\/www.facebook.com\/Socopi.ci\" title=\"Facebook\"><i class=\"fa fa-facebook\"><\/i><\/a>\r\n                    <\/li>\r\n    <\/ul>\r\n                        <\/div>\n                        <div class=\"ere__loop-agency-desc\">SOCOPI est une agence innovante et dynamique, desservant les villes de la C\u00f4te d'ivoire. Que vous soyez acqu\u00e9reur ou vendeur, bailleur ou locataire de biens immobiliers (maisons, , maisons de ville, appartements, h\u00f4tels \/ motels, terrains, bureaux\u2026) nous vous offrons des services professionnels et de qualit\u00e9 afin de concr\u00e9tiser votre projet.<\/div>\r\n\r\n<ul class=\"ere__loop-agency-meta\">\r\n            <li class=\"office_number\">\r\n            <i class=\"fa fa-phone\"><\/i>\r\n            <span class=\"ere__label\">Phone<\/span>\r\n            <span class=\"ere__value\">2522010234<\/span>\r\n        <\/li>\r\n            <li class=\"mobile_number\">\r\n            <i class=\"fa fa-mobile-phone\"><\/i>\r\n            <span class=\"ere__label\">Mobile<\/span>\r\n            <span class=\"ere__value\">0556142828<\/span>\r\n        <\/li>\r\n            <li class=\"email\">\r\n            <i class=\"fa fa-envelope\"><\/i>\r\n            <span class=\"ere__label\">Email<\/span>\r\n            <span class=\"ere__value\">info@socopi.ci<\/span>\r\n        <\/li>\r\n            <li class=\"website\">\r\n            <i class=\"fa fa-external-link-square\"><\/i>\r\n            <span class=\"ere__label\">Website<\/span>\r\n            <span class=\"ere__value\">https:\/\/socopi.ci\/<\/span>\r\n        <\/li>\r\n    <\/ul>\r\n                    <\/div>\n                <\/div>\n                            <div class=\"agency-item ere__loop-agency-item\">\n                                        <div class=\"agency-item-content ere__loop-agency-content\">\n                        <div class=\"ere__loop-agency-heading\">\n                            <div class=\"ere__loop-agency-title_address\"><h2 class=\"ere__loop-agency-title\">\r\n    <a href=\"https:\/\/biim.ci\/en\/agency\/independant\/\" title=\"Ind\u00e9pendant\">Ind\u00e9pendant<\/a>\r\n<\/h2>\r\n<\/div>                        <\/div>\n                                            <\/div>\n                <\/div>\n                            <div class=\"agency-item ere__loop-agency-item\">\n                                        <div class=\"agency-item-content ere__loop-agency-content\">\n                        <div class=\"ere__loop-agency-heading\">\n                            <div class=\"ere__loop-agency-title_address\"><h2 class=\"ere__loop-agency-title\">\r\n    <a href=\"https:\/\/biim.ci\/en\/agency\/haut-standing-lynx\/\" title=\"Haut standing Lynx\">Haut standing Lynx<\/a>\r\n<\/h2>\r\n<\/div>                        <\/div>\n                                            <\/div>\n                <\/div>\n                            <div class=\"agency-item ere__loop-agency-item\">\n                    <div class=\"agency-avatar ere__loop-agency-avatar\">\r\n    <a href=\"https:\/\/biim.ci\/en\/agency\/eis-immobilier\/\" title=\"EIS Immobilier\">\r\n        <img decoding=\"async\" width=\"200\"\r\n             height=\"80\"\r\n             src=\"http:\/\/biim.ci\/wp-content\/uploads\/2020\/10\/eis-immo.png\"\r\n             alt=\"EIS Immobilier\"\r\n             title=\"EIS Immobilier\">\r\n    <\/a>\r\n<\/div>\r\n                    <div class=\"agency-item-content ere__loop-agency-content\">\n                        <div class=\"ere__loop-agency-heading\">\n                            <div class=\"ere__loop-agency-title_address\"><h2 class=\"ere__loop-agency-title\">\r\n    <a href=\"https:\/\/biim.ci\/en\/agency\/eis-immobilier\/\" title=\"EIS Immobilier\">EIS Immobilier<\/a>\r\n<\/h2>\r\n<div class=\"ere__loop-agency-address\">C\u00f4te d\u2019Ivoire, Abidjan Riviera<\/div>\r\n<\/div><ul class=\"ere__loop-agency-social\">\r\n            <li class=\"facebook\">\r\n                            <a href=\"https:\/\/www.facebook.com\/eiservicesImmobilier\/\" title=\"Facebook\"><i class=\"fa fa-facebook\"><\/i><\/a>\r\n                    <\/li>\r\n    <\/ul>\r\n                        <\/div>\n                        <ul class=\"ere__loop-agency-meta\">\r\n            <li class=\"office_number\">\r\n            <i class=\"fa fa-phone\"><\/i>\r\n            <span class=\"ere__label\">Phone<\/span>\r\n            <span class=\"ere__value\">+225 22 49 12 21<\/span>\r\n        <\/li>\r\n            <li class=\"mobile_number\">\r\n            <i class=\"fa fa-mobile-phone\"><\/i>\r\n            <span class=\"ere__label\">Mobile<\/span>\r\n            <span class=\"ere__value\">+225 02 02 27 65<\/span>\r\n        <\/li>\r\n            <li class=\"email\">\r\n            <i class=\"fa fa-envelope\"><\/i>\r\n            <span class=\"ere__label\">Email<\/span>\r\n            <span class=\"ere__value\">info@eiservices.ci<\/span>\r\n        <\/li>\r\n            <li class=\"website\">\r\n            <i class=\"fa fa-external-link-square\"><\/i>\r\n            <span class=\"ere__label\">Website<\/span>\r\n            <span class=\"ere__value\">http:\/\/eiservices.ci<\/span>\r\n        <\/li>\r\n    <\/ul>\r\n                    <\/div>\n                <\/div>\n                <\/div>\n            <div class=\"agency-paging-wrap ere__agency-paging\" data-admin-url=\"\/wp-admin\/admin-ajax.php\"\n             data-items-amount=\"4\" >\n            <div class=\"paging-navigation clearfix\">\n\t<span aria-current=\"page\" class=\"page-numbers current\">1<\/span>\n<a class=\"page-numbers\" href=\"https:\/\/biim.ci\/en\/wp-json\/wp\/v2\/pages\/1129\/page\/2\/\">2<\/a>\n<a class=\"next page-numbers\" href=\"https:\/\/biim.ci\/en\/wp-json\/wp\/v2\/pages\/1129\/page\/2\/\">Next<\/a><\/div>        <\/div>\n        <\/div><div class=\"g5plus-space space-69f4a7990b7ae\" data-id=\"69f4a7990b7ae\" data-tablet=\"80\" data-tablet-portrait=\"60\" data-mobile=\"50\" data-mobile-landscape=\"50\" style=\"clear: both; display: block; height: 100px\"><\/div><\/div><\/div><\/div><\/div><div data-vc-full-width=\"true\" data-vc-full-width-init=\"false\" class=\"vc_row wpb_row vc_row-fluid vc_custom_1480499965757 vc_row-has-fill\"><div class=\"wpb_column vc_column_container vc_col-sm-12\"><div class=\"vc_column-inner\"><div class=\"wpb_wrapper\"><div class=\"g5plus-space space-69f4a7990bb7e\" data-id=\"69f4a7990bb7e\" data-tablet=\"80\" data-tablet-portrait=\"60\" data-mobile=\"50\" data-mobile-landscape=\"50\" style=\"clear: both; display: block; height: 100px\"><\/div><div class=\"g5plus-heading style1 text-left color-dark  mg-bottom-35\" >\n    <span><\/span>\n            <p>\n                WE ALWAYS HAVE TRUST        <\/p>\n                <h2>OUR CLIENTS<\/h2>\n    <\/div><div class=\"g5plus-clients g5plus__owl-carousel owl-carousel owl-nav-top-right\" data-plugin-options='{\"autoHeight\": true, \"dots\": false, \"nav\": true, \"autoplay\": true, \"autoplayTimeout\": 5000, \"responsive\": {\"0\" : {\"items\" : 1}, \"481\" : {\"items\" : 2}, \"768\" : {\"items\" : 3}, \"992\" : {\"items\" : 4}, \"1200\" : {\"items\" : 4}}}'>\n\t\t\t\t<div class='clients-item'\n\t\t\t\t style=\"opacity: 1;\">\n\t\t\t\t<div class=\"clients-item-inner\">\n\t\t\t\t\t\t\t\t\t\t\t<img decoding=\"async\" alt=\"partner-04\" src=\"https:\/\/biim.ci\/wp-content\/uploads\/2016\/11\/partner-04.png\"\/>\n\t\t\t\t\t\t\t\t\t<\/div>\n\t\t\t<\/div>\n\t\t\t\t\t<div class='clients-item'\n\t\t\t\t style=\"opacity: 1;\">\n\t\t\t\t<div class=\"clients-item-inner\">\n\t\t\t\t\t\t\t\t\t\t\t<img decoding=\"async\" alt=\"partner-03\" src=\"https:\/\/biim.ci\/wp-content\/uploads\/2016\/11\/partner-03.png\"\/>\n\t\t\t\t\t\t\t\t\t<\/div>\n\t\t\t<\/div>\n\t\t\t\t\t<div class='clients-item'\n\t\t\t\t style=\"opacity: 1;\">\n\t\t\t\t<div class=\"clients-item-inner\">\n\t\t\t\t\t\t\t\t\t\t\t<img decoding=\"async\" alt=\"partner-02\" src=\"https:\/\/biim.ci\/wp-content\/uploads\/2016\/11\/partner-02.png\"\/>\n\t\t\t\t\t\t\t\t\t<\/div>\n\t\t\t<\/div>\n\t\t\t\t\t<div class='clients-item'\n\t\t\t\t style=\"opacity: 1;\">\n\t\t\t\t<div class=\"clients-item-inner\">\n\t\t\t\t\t\t\t\t\t\t\t<img decoding=\"async\" alt=\"partner-01\" src=\"https:\/\/biim.ci\/wp-content\/uploads\/2016\/11\/partner-01.png\"\/>\n\t\t\t\t\t\t\t\t\t<\/div>\n\t\t\t<\/div>\n\t\t\t\t\t<div class='clients-item'\n\t\t\t\t style=\"opacity: 1;\">\n\t\t\t\t<div class=\"clients-item-inner\">\n\t\t\t\t\t\t\t\t\t\t\t<img decoding=\"async\" alt=\"partner-14\" src=\"https:\/\/biim.ci\/wp-content\/uploads\/2016\/11\/partner-14.png\"\/>\n\t\t\t\t\t\t\t\t\t<\/div>\n\t\t\t<\/div>\n\t\t<\/div><div class=\"g5plus-space space-69f4a7990c998\" data-id=\"69f4a7990c998\" data-tablet=\"50\" data-tablet-portrait=\"30\" data-mobile=\"16\" data-mobile-landscape=\"20\" style=\"clear: both; display: block; height: 70px\"><\/div><\/div><\/div><\/div><\/div><div class=\"vc_row-full-width vc_clearfix\"><\/div>\n<\/div>","protected":false},"excerpt":{"rendered":"OUR AGENCIES FIND PROPERTIES WITH OUR AGENCIES Sort By Default Order Name (A to Z) Name (Z to A) Date (Old to New) Date (New to Old) SOCOPI Villa 69, Cit\u00e9 belle Vue, Angr\u00e9 8e Tranche, Cocody SOCOPI est une agence innovante et dynamique, desservant les villes de la C\u00f4te d'ivoire. Que vous soyez acqu\u00e9reur [...]","protected":false},"author":1,"featured_media":0,"parent":0,"menu_order":0,"comment_status":"closed","ping_status":"closed","template":"","meta":{"footnotes":""},"class_list":["post-1129","page","type-page","status-publish","hentry"],"_links":{"self":[{"href":"https:\/\/biim.ci\/en\/wp-json\/wp\/v2\/pages\/1129","targetHints":{"allow":["GET"]}}],"collection":[{"href":"https:\/\/biim.ci\/en\/wp-json\/wp\/v2\/pages"}],"about":[{"href":"https:\/\/biim.ci\/en\/wp-json\/wp\/v2\/types\/page"}],"author":[{"embeddable":true,"href":"https:\/\/biim.ci\/en\/wp-json\/wp\/v2\/users\/1"}],"replies":[{"embeddable":true,"href":"https:\/\/biim.ci\/en\/wp-json\/wp\/v2\/comments?post=1129"}],"version-history":[{"count":0,"href":"https:\/\/biim.ci\/en\/wp-json\/wp\/v2\/pages\/1129\/revisions"}],"wp:attachment":[{"href":"https:\/\/biim.ci\/en\/wp-json\/wp\/v2\/media?parent=1129"}],"curies":[{"name":"wp","href":"https:\/\/api.w.org\/{rel}","templated":true}]}}